{"id":80,"date":"2021-09-29T18:57:10","date_gmt":"2021-09-29T18:57:10","guid":{"rendered":"http:\/\/49.12.199.202\/?page_id=80"},"modified":"2025-06-14T16:25:27","modified_gmt":"2025-06-14T16:25:27","slug":"team","status":"publish","type":"page","link":"https:\/\/www.akaritatsu.at\/index.php\/team\/","title":{"rendered":"Team"},"content":{"rendered":"<p>[et_pb_section fb_built=&#8221;1&#8243; fullwidth=&#8221;on&#8221; _builder_version=&#8221;4.10.4&#8243; _module_preset=&#8221;default&#8221; global_colors_info=&#8221;{}&#8221;][et_pb_fullwidth_image src=&#8221;https:\/\/www.akaritatsu.at\/wp-content\/uploads\/2023\/10\/Trainerteam_2023-scaled.jpg&#8221; alt=&#8221;Akari Tatsu Trainer&#8221; title_text=&#8221;Trainerteam_2023&#8243; _builder_version=&#8221;4.10.4&#8243; _module_preset=&#8221;default&#8221; global_colors_info=&#8221;{}&#8221;][\/et_pb_fullwidth_image][\/et_pb_section][et_pb_section fb_built=&#8221;1&#8243; _builder_version=&#8221;4.10.4&#8243; _module_preset=&#8221;default&#8221; global_colors_info=&#8221;{}&#8221;][et_pb_row _builder_version=&#8221;4.10.4&#8243; _module_preset=&#8221;default&#8221; global_colors_info=&#8221;{}&#8221;][et_pb_column type=&#8221;4_4&#8243; _builder_version=&#8221;4.10.4&#8243; _module_preset=&#8221;default&#8221; global_colors_info=&#8221;{}&#8221;][et_pb_text _builder_version=&#8221;4.10.4&#8243; _module_preset=&#8221;default&#8221; global_colors_info=&#8221;{}&#8221;]<\/p>\n<h1>TEAM AKARI TATSU<\/h1>\n<p>[\/et_pb_text][\/et_pb_column][\/et_pb_row][et_pb_row column_structure=&#8221;2_5,3_5&#8243; _builder_version=&#8221;4.10.4&#8243; _module_preset=&#8221;default&#8221; global_colors_info=&#8221;{}&#8221;][et_pb_column type=&#8221;2_5&#8243; _builder_version=&#8221;4.10.4&#8243; _module_preset=&#8221;default&#8221; global_colors_info=&#8221;{}&#8221;][et_pb_image src=&#8221;http:\/\/49.12.199.202\/wp-content\/uploads\/2021\/09\/Christoph_Neubauer_small.jpg&#8221; alt=&#8221;Christoph Neubauer&#8221; title_text=&#8221;Christoph_Neubauer_small&#8221; _builder_version=&#8221;4.10.4&#8243; _module_preset=&#8221;default&#8221; global_colors_info=&#8221;{}&#8221;][\/et_pb_image][\/et_pb_column][et_pb_column type=&#8221;3_5&#8243; _builder_version=&#8221;4.10.4&#8243; _module_preset=&#8221;default&#8221; global_colors_info=&#8221;{}&#8221;][et_pb_text _builder_version=&#8221;4.10.4&#8243; _module_preset=&#8221;default&#8221; global_colors_info=&#8221;{}&#8221;]<\/p>\n<h2>SENSEI MAG. CHRISTOPH NEUBAUER<\/h2>\n<h3>Trainer TIGER, DRACHEN, ADLER<\/h3>\n<ul>\n<li>4. Dan Goju Ryu Karate<\/li>\n<li>2. Dan Goju Kai Karate<\/li>\n<li>staatlich gepr\u00fcfter Trainer<\/li>\n<li>staatlich gepr\u00fcfter Kampfrichter (Lizenz A Kata und Kumite)<\/li>\n<li>mehrfacher Landesmeister, Vizestaats- und \u00f6sterreichischer Meister<\/li>\n<li>milit\u00e4rischer Nahkampfausbilder<\/li>\n<li>Vertreter \u00d6sterreichs in der International Karate GojuKai Association (IKGA)<\/li>\n<\/ul>\n<p>\u200b\u200b[\/et_pb_text][\/et_pb_column][\/et_pb_row][et_pb_row column_structure=&#8221;2_5,3_5&#8243; _builder_version=&#8221;4.10.4&#8243; _module_preset=&#8221;default&#8221; global_colors_info=&#8221;{}&#8221;][et_pb_column type=&#8221;2_5&#8243; _builder_version=&#8221;4.10.4&#8243; _module_preset=&#8221;default&#8221; global_colors_info=&#8221;{}&#8221;][et_pb_image src=&#8221;https:\/\/www.akaritatsu.at\/wp-content\/uploads\/2023\/10\/DSC_4981_2-scaled.jpg&#8221; alt=&#8221;Karin Kuntze&#8221; title_text=&#8221;DSC_4981_2&#8243; _builder_version=&#8221;4.10.4&#8243; _module_preset=&#8221;default&#8221; global_colors_info=&#8221;{}&#8221;][\/et_pb_image][\/et_pb_column][et_pb_column type=&#8221;3_5&#8243; _builder_version=&#8221;4.10.4&#8243; _module_preset=&#8221;default&#8221; global_colors_info=&#8221;{}&#8221;][et_pb_text _builder_version=&#8221;4.10.4&#8243; _module_preset=&#8221;default&#8221; global_colors_info=&#8221;{}&#8221;]<\/p>\n<h2>MAG. KARIN KUNTZE<\/h2>\n<h3>Trainerin TIGER, DRACHEN, ADLER<\/h3>\n<ul>\n<li>1. Dan Goju Ryu Karate<\/li>\n<li>1. Kyu Goju Kai Karate<\/li>\n<li>staatlich gepr\u00fcfte Instruktorin<\/li>\n<\/ul>\n<p>[\/et_pb_text][\/et_pb_column][\/et_pb_row][et_pb_row column_structure=&#8221;2_5,3_5&#8243; _builder_version=&#8221;4.10.4&#8243; _module_preset=&#8221;default&#8221; global_colors_info=&#8221;{}&#8221;][et_pb_column type=&#8221;2_5&#8243; _builder_version=&#8221;4.10.4&#8243; _module_preset=&#8221;default&#8221; global_colors_info=&#8221;{}&#8221;][et_pb_image src=&#8221;https:\/\/www.akaritatsu.at\/wp-content\/uploads\/2022\/12\/Irina_Kuntze_small_1.jpg&#8221; alt=&#8221;Irina Kuntze&#8221; title_text=&#8221;Irina_Kuntze_small_1&#8243; _builder_version=&#8221;4.10.4&#8243; _module_preset=&#8221;default&#8221; global_colors_info=&#8221;{}&#8221;][\/et_pb_image][\/et_pb_column][et_pb_column type=&#8221;3_5&#8243; _builder_version=&#8221;4.10.4&#8243; _module_preset=&#8221;default&#8221; global_colors_info=&#8221;{}&#8221;][et_pb_text _builder_version=&#8221;4.10.4&#8243; _module_preset=&#8221;default&#8221; global_colors_info=&#8221;{}&#8221;]<\/p>\n<h2>IRINA KUNTZE, M.A.<\/h2>\n<h3>Trainerin TIGER, DRACHEN<\/h3>\n<ul>\n<li>1. Dan Goju Ryu Karate<\/li>\n<li>1. Kyu Goju Kai Karate<\/li>\n<li>staatlich gepr\u00fcfte Instruktorin<\/li>\n<\/ul>\n<p>[\/et_pb_text][\/et_pb_column][\/et_pb_row][et_pb_row column_structure=&#8221;2_5,3_5&#8243; _builder_version=&#8221;4.10.4&#8243; _module_preset=&#8221;default&#8221; global_colors_info=&#8221;{}&#8221;][et_pb_column type=&#8221;2_5&#8243; _builder_version=&#8221;4.10.4&#8243; _module_preset=&#8221;default&#8221; global_colors_info=&#8221;{}&#8221;][et_pb_image src=&#8221;https:\/\/www.akaritatsu.at\/wp-content\/uploads\/2023\/10\/DSC_4928_2-scaled.jpg&#8221; alt=&#8221;Didi Neubauer&#8221; title_text=&#8221;DSC_4928_2&#8243; _builder_version=&#8221;4.10.4&#8243; _module_preset=&#8221;default&#8221; global_colors_info=&#8221;{}&#8221;][\/et_pb_image][\/et_pb_column][et_pb_column type=&#8221;3_5&#8243; _builder_version=&#8221;4.10.4&#8243; _module_preset=&#8221;default&#8221; global_colors_info=&#8221;{}&#8221;][et_pb_text _builder_version=&#8221;4.10.4&#8243; _module_preset=&#8221;default&#8221; global_colors_info=&#8221;{}&#8221;]<\/p>\n<h2>DIDI NEUBAUER<\/h2>\n<h3>Trainerin B\u00c4REN<\/h3>\n<p>[\/et_pb_text][\/et_pb_column][\/et_pb_row][et_pb_row column_structure=&#8221;2_5,3_5&#8243; _builder_version=&#8221;4.10.4&#8243; _module_preset=&#8221;default&#8221; global_colors_info=&#8221;{}&#8221;][et_pb_column type=&#8221;2_5&#8243; _builder_version=&#8221;4.10.4&#8243; _module_preset=&#8221;default&#8221; global_colors_info=&#8221;{}&#8221;][et_pb_image src=&#8221;https:\/\/www.akaritatsu.at\/wp-content\/uploads\/2023\/10\/DSC_5015_1_2-scaled.jpg&#8221; alt=&#8221;David Neubauer&#8221; title_text=&#8221;DSC_5015_1_2&#8243; _builder_version=&#8221;4.10.4&#8243; _module_preset=&#8221;default&#8221; global_colors_info=&#8221;{}&#8221;][\/et_pb_image][\/et_pb_column][et_pb_column type=&#8221;3_5&#8243; _builder_version=&#8221;4.10.4&#8243; _module_preset=&#8221;default&#8221; global_colors_info=&#8221;{}&#8221;][et_pb_text _builder_version=&#8221;4.10.4&#8243; _module_preset=&#8221;default&#8221; global_colors_info=&#8221;{}&#8221;]<\/p>\n<h2>DAVID NEUBAUER<\/h2>\n<h3>Trainer B\u00c4REN, TIGER<\/h3>\n<ul>\n<li>2. Kyu Goju Ryu Karate<\/li>\n<li>staatlich gepr\u00fcfter \u00dcbungsleiter<\/li>\n<\/ul>\n<p>[\/et_pb_text][\/et_pb_column][\/et_pb_row][et_pb_row column_structure=&#8221;2_5,3_5&#8243; _builder_version=&#8221;4.10.4&#8243; _module_preset=&#8221;default&#8221; global_colors_info=&#8221;{}&#8221;][et_pb_column type=&#8221;2_5&#8243; _builder_version=&#8221;4.10.4&#8243; _module_preset=&#8221;default&#8221; global_colors_info=&#8221;{}&#8221;][et_pb_image src=&#8221;https:\/\/www.akaritatsu.at\/wp-content\/uploads\/2023\/10\/DSC_4959_2-scaled.jpg&#8221; title_text=&#8221;DSC_4959_2&#8243; _builder_version=&#8221;4.10.4&#8243; _module_preset=&#8221;default&#8221; global_colors_info=&#8221;{}&#8221;][\/et_pb_image][\/et_pb_column][et_pb_column type=&#8221;3_5&#8243; _builder_version=&#8221;4.10.4&#8243; _module_preset=&#8221;default&#8221; global_colors_info=&#8221;{}&#8221;][et_pb_text _builder_version=&#8221;4.10.4&#8243; _module_preset=&#8221;default&#8221; global_colors_info=&#8221;{}&#8221;]<\/p>\n<h2>RONNIE KODERBAUER<\/h2>\n<h3>Trainer B\u00c4REN, TIGER<\/h3>\n<ul>\n<li>1. Dan Goju Ryu Karate<\/li>\n<li>1. Kyu Goju Kai Karate<\/li>\n<li><span style=\"font-size: 14px;\">staatlich gepr\u00fcfter \u00dcbungsleiter<\/span><\/li>\n<\/ul>\n<p>[\/et_pb_text][\/et_pb_column][\/et_pb_row][et_pb_row column_structure=&#8221;2_5,3_5&#8243; _builder_version=&#8221;4.10.4&#8243; _module_preset=&#8221;default&#8221; global_colors_info=&#8221;{}&#8221;][et_pb_column type=&#8221;2_5&#8243; _builder_version=&#8221;4.10.4&#8243; _module_preset=&#8221;default&#8221; global_colors_info=&#8221;{}&#8221;][et_pb_image src=&#8221;https:\/\/www.akaritatsu.at\/wp-content\/uploads\/2023\/10\/DSC_4920_2-scaled.jpg&#8221; title_text=&#8221;DSC_4920_2&#8243; _builder_version=&#8221;4.10.4&#8243; _module_preset=&#8221;default&#8221; global_colors_info=&#8221;{}&#8221;][\/et_pb_image][\/et_pb_column][et_pb_column type=&#8221;3_5&#8243; _builder_version=&#8221;4.10.4&#8243; _module_preset=&#8221;default&#8221; global_colors_info=&#8221;{}&#8221;][et_pb_text _builder_version=&#8221;4.10.4&#8243; _module_preset=&#8221;default&#8221; global_colors_info=&#8221;{}&#8221;]<\/p>\n<h2>WERNER MASIK<\/h2>\n<h3>Trainer TIGER, DRACHEN<\/h3>\n<ul>\n<li>1. Kyu Goju Ryu Karate<\/li>\n<li>staatlich gepr\u00fcfter \u00dcbungsleiter<\/li>\n<\/ul>\n<p>[\/et_pb_text][\/et_pb_column][\/et_pb_row][et_pb_row column_structure=&#8221;2_5,3_5&#8243; _builder_version=&#8221;4.10.4&#8243; _module_preset=&#8221;default&#8221; global_colors_info=&#8221;{}&#8221;][et_pb_column type=&#8221;2_5&#8243; _builder_version=&#8221;4.10.4&#8243; _module_preset=&#8221;default&#8221; global_colors_info=&#8221;{}&#8221;][et_pb_image src=&#8221;https:\/\/www.akaritatsu.at\/wp-content\/uploads\/2023\/10\/DSC_5024_2-scaled.jpg&#8221; title_text=&#8221;DSC_5024_2&#8243; _builder_version=&#8221;4.10.4&#8243; _module_preset=&#8221;default&#8221; global_colors_info=&#8221;{}&#8221;][\/et_pb_image][\/et_pb_column][et_pb_column type=&#8221;3_5&#8243; _builder_version=&#8221;4.10.4&#8243; _module_preset=&#8221;default&#8221; global_colors_info=&#8221;{}&#8221;][et_pb_text _builder_version=&#8221;4.10.4&#8243; _module_preset=&#8221;default&#8221; global_colors_info=&#8221;{}&#8221;]<\/p>\n<h2>MIA<\/h2>\n<h3>Trainerin TIGER<\/h3>\n<ul>\n<li>1. Kyu Goju Ryu Karate<\/li>\n<li>staatlich gepr\u00fcfte \u00dcbungsleiterin<\/li>\n<\/ul>\n<p>[\/et_pb_text][\/et_pb_column][\/et_pb_row][et_pb_row column_structure=&#8221;2_5,3_5&#8243; _builder_version=&#8221;4.10.4&#8243; _module_preset=&#8221;default&#8221; global_colors_info=&#8221;{}&#8221;][et_pb_column type=&#8221;2_5&#8243; _builder_version=&#8221;4.10.4&#8243; _module_preset=&#8221;default&#8221; global_colors_info=&#8221;{}&#8221;][et_pb_image src=&#8221;https:\/\/www.akaritatsu.at\/wp-content\/uploads\/2023\/10\/DSC_4990_2-scaled.jpg&#8221; title_text=&#8221;DSC_4990_2&#8243; _builder_version=&#8221;4.10.4&#8243; _module_preset=&#8221;default&#8221; global_colors_info=&#8221;{}&#8221;][\/et_pb_image][\/et_pb_column][et_pb_column type=&#8221;3_5&#8243; _builder_version=&#8221;4.10.4&#8243; _module_preset=&#8221;default&#8221; global_colors_info=&#8221;{}&#8221;][et_pb_text _builder_version=&#8221;4.10.4&#8243; _module_preset=&#8221;default&#8221; global_colors_info=&#8221;{}&#8221;]<\/p>\n<h2>FRANCESCA<\/h2>\n<h3>Unterst\u00fctzung TIGER<\/h3>\n<ul>\n<li>4. Kyu Goju Ryu Karate<\/li>\n<\/ul>\n<p>[\/et_pb_text][\/et_pb_column][\/et_pb_row][\/et_pb_section]<\/p>\n","protected":false},"excerpt":{"rendered":"<p>TEAM AKARI TATSUSENSEI MAG. CHRISTOPH NEUBAUER Trainer TIGER, DRACHEN, ADLER 4. Dan Goju Ryu Karate 2. Dan Goju Kai Karate staatlich gepr\u00fcfter Trainer staatlich gepr\u00fcfter Kampfrichter (Lizenz A Kata und Kumite) mehrfacher Landesmeister, Vizestaats- und \u00f6sterreichischer Meister milit\u00e4rischer Nahkampfausbilder Vertreter \u00d6sterreichs in der International Karate GojuKai Association (IKGA) \u200b\u200bMAG. KARIN KUNTZE Trainerin TIGER, DRACHEN, ADLER [&hellip;]<\/p>\n","protected":false},"author":1,"featured_media":0,"parent":0,"menu_order":0,"comment_status":"closed","ping_status":"closed","template":"","meta":{"_et_pb_use_builder":"on","_et_pb_old_content":"","_et_gb_content_width":"","footnotes":""},"class_list":["post-80","page","type-page","status-publish","hentry"],"_links":{"self":[{"href":"https:\/\/www.akaritatsu.at\/index.php\/wp-json\/wp\/v2\/pages\/80","targetHints":{"allow":["GET"]}}],"collection":[{"href":"https:\/\/www.akaritatsu.at\/index.php\/wp-json\/wp\/v2\/pages"}],"about":[{"href":"https:\/\/www.akaritatsu.at\/index.php\/wp-json\/wp\/v2\/types\/page"}],"author":[{"embeddable":true,"href":"https:\/\/www.akaritatsu.at\/index.php\/wp-json\/wp\/v2\/users\/1"}],"replies":[{"embeddable":true,"href":"https:\/\/www.akaritatsu.at\/index.php\/wp-json\/wp\/v2\/comments?post=80"}],"version-history":[{"count":22,"href":"https:\/\/www.akaritatsu.at\/index.php\/wp-json\/wp\/v2\/pages\/80\/revisions"}],"predecessor-version":[{"id":727,"href":"https:\/\/www.akaritatsu.at\/index.php\/wp-json\/wp\/v2\/pages\/80\/revisions\/727"}],"wp:attachment":[{"href":"https:\/\/www.akaritatsu.at\/index.php\/wp-json\/wp\/v2\/media?parent=80"}],"curies":[{"name":"wp","href":"https:\/\/api.w.org\/{rel}","templated":true}]}}