{"id":36,"date":"2021-09-28T18:38:25","date_gmt":"2021-09-28T18:38:25","guid":{"rendered":"http:\/\/49.12.199.202\/?page_id=36"},"modified":"2026-02-23T18:34:05","modified_gmt":"2026-02-23T18:34:05","slug":"home","status":"publish","type":"page","link":"https:\/\/www.akaritatsu.at\/","title":{"rendered":"Home"},"content":{"rendered":"<p>[et_pb_section fb_built=&#8221;1&#8243; fullwidth=&#8221;on&#8221; _builder_version=&#8221;4.10.4&#8243; _module_preset=&#8221;default&#8221; hover_enabled=&#8221;0&#8243; global_colors_info=&#8221;{}&#8221; sticky_enabled=&#8221;0&#8243;][et_pb_fullwidth_image src=&#8221;https:\/\/www.akaritatsu.at\/wp-content\/uploads\/2026\/02\/20251023_1900212-scaled.jpg&#8221; alt=&#8221;Akari_Tatsu_Karatekids&#8221; title_text=&#8221;20251023_1900212&#8243; _builder_version=&#8221;4.10.4&#8243; _module_preset=&#8221;default&#8221; hover_enabled=&#8221;0&#8243; global_colors_info=&#8221;{}&#8221; sticky_enabled=&#8221;0&#8243;][\/et_pb_fullwidth_image][\/et_pb_section][et_pb_section fb_built=&#8221;1&#8243; _builder_version=&#8221;4.10.4&#8243; _module_preset=&#8221;default&#8221; global_colors_info=&#8221;{}&#8221;][et_pb_row _builder_version=&#8221;4.10.4&#8243; _module_preset=&#8221;default&#8221; global_colors_info=&#8221;{}&#8221;][et_pb_column type=&#8221;4_4&#8243; _builder_version=&#8221;4.10.4&#8243; _module_preset=&#8221;default&#8221; global_colors_info=&#8221;{}&#8221;][et_pb_text _builder_version=&#8221;4.10.4&#8243; _module_preset=&#8221;default&#8221; global_colors_info=&#8221;{}&#8221;]<\/p>\n<h1>AKARI TATSU KARATE<\/h1>\n<h2>GOJU-RYU KARATE | BRUNN AM GEBIRGE &amp; PERCHTOLDSDORF<\/h2>\n<p>Willkommen bei AKARI TATSU KARATE &#8211; der GOJU-RYU Karateverein f\u00fcr Kinder und Erwachsene in Brunn am Gebirge &amp; Perchtoldsdorf. Von ersten Karate-Koordinations\u00fcbungen f\u00fcr unsere J\u00fcngsten ab 3 Jahren \u00fcber die Vorbereitung zum Wettkampf bis hin zu den Trainings f\u00fcr die Fortgeschrittenen und unsere Erwachsenen bieten wir f\u00fcr alle Altersgruppen mehrere Trainings pro Woche. Ein Einstieg ist jederzeit m\u00f6glich.[\/et_pb_text][\/et_pb_column][\/et_pb_row][et_pb_row _builder_version=&#8221;4.10.4&#8243; _module_preset=&#8221;default&#8221; global_colors_info=&#8221;{}&#8221;][et_pb_column type=&#8221;4_4&#8243; _builder_version=&#8221;4.10.4&#8243; _module_preset=&#8221;default&#8221; global_colors_info=&#8221;{}&#8221;][et_pb_post_slider posts_number=&#8221;3&#8243; include_categories=&#8221;all&#8221; show_meta=&#8221;off&#8221; _builder_version=&#8221;4.10.4&#8243; _module_preset=&#8221;default&#8221; global_colors_info=&#8221;{}&#8221;][\/et_pb_post_slider][\/et_pb_column][\/et_pb_row][et_pb_row _builder_version=&#8221;4.10.4&#8243; _module_preset=&#8221;default&#8221; global_colors_info=&#8221;{}&#8221;][et_pb_column type=&#8221;4_4&#8243; _builder_version=&#8221;4.10.4&#8243; _module_preset=&#8221;default&#8221; global_colors_info=&#8221;{}&#8221;][et_pb_text _builder_version=&#8221;4.10.4&#8243; _module_preset=&#8221;default&#8221; custom_padding=&#8221;||1px|||&#8221; global_colors_info=&#8221;{}&#8221;]<\/p>\n<h2>Unsere Trainingsgruppen<\/h2>\n<p>[\/et_pb_text][\/et_pb_column][\/et_pb_row][et_pb_row column_structure=&#8221;1_4,1_4,1_4,1_4&#8243; _builder_version=&#8221;4.10.4&#8243; _module_preset=&#8221;default&#8221; global_colors_info=&#8221;{}&#8221;][et_pb_column type=&#8221;1_4&#8243; _builder_version=&#8221;4.10.4&#8243; _module_preset=&#8221;default&#8221; global_colors_info=&#8221;{}&#8221;][et_pb_image src=&#8221;https:\/\/www.akaritatsu.at\/wp-content\/uploads\/2025\/04\/20250327_181846-scaled.jpg&#8221; alt=&#8221;Karate B\u00e4ren Gruppe&#8221; title_text=&#8221;20250327_181846&#8243; _builder_version=&#8221;4.10.4&#8243; _module_preset=&#8221;default&#8221; hover_enabled=&#8221;0&#8243; global_colors_info=&#8221;{}&#8221; sticky_enabled=&#8221;0&#8243;][\/et_pb_image][et_pb_text _builder_version=&#8221;4.10.4&#8243; _module_preset=&#8221;default&#8221; custom_padding=&#8221;||0px|||&#8221; global_colors_info=&#8221;{}&#8221;]<\/p>\n<h3>B\u00c4REN<br \/>KIDS AB 5 JAHREN<\/h3>\n<p>In der B\u00c4REN-Gruppe geht es darum, sich auszutoben. Koordination, Konzentration und Selbstvertrauen verkn\u00fcpft mit Spiel &amp; Spa\u00df stehen im Vordergrund.<\/p>\n<p>Donnerstag 17:00-18:00 Uhr<\/p>\n<p>[\/et_pb_text][\/et_pb_column][et_pb_column type=&#8221;1_4&#8243; _builder_version=&#8221;4.10.4&#8243; _module_preset=&#8221;default&#8221; global_colors_info=&#8221;{}&#8221;][et_pb_image src=&#8221;https:\/\/www.akaritatsu.at\/wp-content\/uploads\/2026\/02\/20250327_1804070-scaled.jpg&#8221; alt=&#8221;Karate Tiger Gruppe&#8221; title_text=&#8221;20250327_180407(0)&#8221; _builder_version=&#8221;4.10.4&#8243; _module_preset=&#8221;default&#8221; hover_enabled=&#8221;0&#8243; global_colors_info=&#8221;{}&#8221; sticky_enabled=&#8221;0&#8243;][\/et_pb_image][et_pb_text _builder_version=&#8221;4.10.4&#8243; _module_preset=&#8221;default&#8221; global_colors_info=&#8221;{}&#8221;]<\/p>\n<h3>TIGER<br \/>KIDS AB 7 JAHREN<\/h3>\n<p>Die TIGER-Gruppe ist f\u00fcr alle Karatekas im Volksschulalter. Technik, Karate-Know-How, K\u00f6rpergef\u00fchl sind der Fokus der Trainings.<\/p>\n<p>Montag 17:00-18:00 Uhr &amp; Donnerstag 17:00-18:00 Uhr<\/p>\n<p>[\/et_pb_text][\/et_pb_column][et_pb_column type=&#8221;1_4&#8243; _builder_version=&#8221;4.10.4&#8243; _module_preset=&#8221;default&#8221; global_colors_info=&#8221;{}&#8221;][et_pb_image src=&#8221;https:\/\/www.akaritatsu.at\/wp-content\/uploads\/2026\/02\/20260108_1854002-scaled.jpg&#8221; alt=&#8221;Karate Drachen Gruppe&#8221; title_text=&#8221;20260108_1854002&#8243; _builder_version=&#8221;4.10.4&#8243; _module_preset=&#8221;default&#8221; hover_enabled=&#8221;0&#8243; global_colors_info=&#8221;{}&#8221; sticky_enabled=&#8221;0&#8243;][\/et_pb_image][et_pb_text _builder_version=&#8221;4.10.4&#8243; _module_preset=&#8221;default&#8221; global_colors_info=&#8221;{}&#8221;]<\/p>\n<h3>DRACHEN<br \/>ORANGER G\u00dcRTEL +<\/h3>\n<p>Die DRACHEN-Gruppe sind die unser K\u00e4mpfernachwuchs. Disziplin, Kraft &amp; Technik bestimmen den Trainingsalltag der Fortgeschrittenen.<\/p>\n<p>Montag 18:00-19:00 Uhr &amp; Donnerstag 18:00-19:00 Uhr<\/p>\n<p>[\/et_pb_text][\/et_pb_column][et_pb_column type=&#8221;1_4&#8243; _builder_version=&#8221;4.10.4&#8243; _module_preset=&#8221;default&#8221; global_colors_info=&#8221;{}&#8221;][et_pb_image src=&#8221;https:\/\/www.akaritatsu.at\/wp-content\/uploads\/2026\/02\/20250302_201620-scaled.jpg&#8221; alt=&#8221;Karate Adler Gruppe&#8221; title_text=&#8221;20250302_201620&#8243; _builder_version=&#8221;4.10.4&#8243; _module_preset=&#8221;default&#8221; hover_enabled=&#8221;0&#8243; global_colors_info=&#8221;{}&#8221; sticky_enabled=&#8221;0&#8243;][\/et_pb_image][et_pb_text _builder_version=&#8221;4.10.4&#8243; _module_preset=&#8221;default&#8221; global_colors_info=&#8221;{}&#8221;]<\/p>\n<h3>ADLER<br \/>ERWACHSENE, 16+<\/h3>\n<p>Das ADLER-Training ist f\u00fcr alle Erwachsenen ab 16 Jahren und Braun-Gurte. Hier geht es um k\u00f6rperliche und geistige Fitness sowie Selbstverteidigung.<\/p>\n<p>Donnerstag 19:00-20:00 Uhr &amp; Sonntag 19:00-20:30 Uhr<\/p>\n<p>[\/et_pb_text][\/et_pb_column][\/et_pb_row][\/et_pb_section][et_pb_section fb_built=&#8221;1&#8243; _builder_version=&#8221;4.10.4&#8243; _module_preset=&#8221;default&#8221;][\/et_pb_section]<\/p>\n","protected":false},"excerpt":{"rendered":"<p>AKARI TATSU KARATE GOJU-RYU KARATE | BRUNN AM GEBIRGE &amp; PERCHTOLDSDORF Willkommen bei AKARI TATSU KARATE &#8211; der GOJU-RYU Karateverein f\u00fcr Kinder und Erwachsene in Brunn am Gebirge &amp; Perchtoldsdorf. Von ersten Karate-Koordinations\u00fcbungen f\u00fcr unsere J\u00fcngsten ab 3 Jahren \u00fcber die Vorbereitung zum Wettkampf bis hin zu den Trainings f\u00fcr die Fortgeschrittenen und unsere Erwachsenen [&hellip;]<\/p>\n","protected":false},"author":1,"featured_media":124,"parent":0,"menu_order":0,"comment_status":"closed","ping_status":"closed","template":"","meta":{"_et_pb_use_builder":"on","_et_pb_old_content":"","_et_gb_content_width":"","footnotes":""},"class_list":["post-36","page","type-page","status-publish","has-post-thumbnail","hentry"],"_links":{"self":[{"href":"https:\/\/www.akaritatsu.at\/index.php\/wp-json\/wp\/v2\/pages\/36","targetHints":{"allow":["GET"]}}],"collection":[{"href":"https:\/\/www.akaritatsu.at\/index.php\/wp-json\/wp\/v2\/pages"}],"about":[{"href":"https:\/\/www.akaritatsu.at\/index.php\/wp-json\/wp\/v2\/types\/page"}],"author":[{"embeddable":true,"href":"https:\/\/www.akaritatsu.at\/index.php\/wp-json\/wp\/v2\/users\/1"}],"replies":[{"embeddable":true,"href":"https:\/\/www.akaritatsu.at\/index.php\/wp-json\/wp\/v2\/comments?post=36"}],"version-history":[{"count":17,"href":"https:\/\/www.akaritatsu.at\/index.php\/wp-json\/wp\/v2\/pages\/36\/revisions"}],"predecessor-version":[{"id":756,"href":"https:\/\/www.akaritatsu.at\/index.php\/wp-json\/wp\/v2\/pages\/36\/revisions\/756"}],"wp:featuredmedia":[{"embeddable":true,"href":"https:\/\/www.akaritatsu.at\/index.php\/wp-json\/wp\/v2\/media\/124"}],"wp:attachment":[{"href":"https:\/\/www.akaritatsu.at\/index.php\/wp-json\/wp\/v2\/media?parent=36"}],"curies":[{"name":"wp","href":"https:\/\/api.w.org\/{rel}","templated":true}]}}