{"id":180,"date":"2021-10-02T21:05:35","date_gmt":"2021-10-02T21:05:35","guid":{"rendered":"http:\/\/49.12.199.202\/?page_id=180"},"modified":"2026-02-23T18:43:18","modified_gmt":"2026-02-23T18:43:18","slug":"schnuppertraining","status":"publish","type":"page","link":"https:\/\/www.akaritatsu.at\/index.php\/schnuppertraining\/","title":{"rendered":"Karate f\u00fcr mein Kind?"},"content":{"rendered":"<p>[et_pb_section fb_built=&#8221;1&#8243; fullwidth=&#8221;on&#8221; _builder_version=&#8221;4.10.4&#8243; _module_preset=&#8221;default&#8221; global_colors_info=&#8221;{}&#8221;][et_pb_fullwidth_image src=&#8221;https:\/\/www.akaritatsu.at\/wp-content\/uploads\/2026\/02\/20251023_1802422-scaled.jpg&#8221; title_text=&#8221;20251023_1802422&#8243; _builder_version=&#8221;4.10.4&#8243; _module_preset=&#8221;default&#8221; hover_enabled=&#8221;0&#8243; global_colors_info=&#8221;{}&#8221; sticky_enabled=&#8221;0&#8243;][\/et_pb_fullwidth_image][\/et_pb_section][et_pb_section fb_built=&#8221;1&#8243; _builder_version=&#8221;4.10.4&#8243; _module_preset=&#8221;default&#8221; global_colors_info=&#8221;{}&#8221;][et_pb_row _builder_version=&#8221;4.10.4&#8243; _module_preset=&#8221;default&#8221; global_colors_info=&#8221;{}&#8221;][et_pb_column type=&#8221;4_4&#8243; _builder_version=&#8221;4.10.4&#8243; _module_preset=&#8221;default&#8221; global_colors_info=&#8221;{}&#8221;][et_pb_text _builder_version=&#8221;4.10.4&#8243; _module_preset=&#8221;default&#8221; global_colors_info=&#8221;{}&#8221;]<\/p>\n<h1>WARUM KARATE?<\/h1>\n<p>&nbsp;Viele Eltern sind sich nicht sicher, ob Karate die richtige Sportart f\u00fcr ihre Kinder sind. Wir haben die wichtigsten Gr\u00fcnde aufgef\u00fchrt, wie Karate die Entwicklung des Kindes unterst\u00fctzt. Zus\u00e4tzlich gibt es auch die M\u00f6glichkeit, sich selbst bei einer Schnupperstunde ein Bild von unserem Training zu machen.[\/et_pb_text][\/et_pb_column][\/et_pb_row][et_pb_row column_structure=&#8221;3_5,2_5&#8243; _builder_version=&#8221;4.10.4&#8243; _module_preset=&#8221;default&#8221; global_colors_info=&#8221;{}&#8221;][et_pb_column type=&#8221;3_5&#8243; _builder_version=&#8221;4.10.4&#8243; _module_preset=&#8221;default&#8221; global_colors_info=&#8221;{}&#8221;][et_pb_text _builder_version=&#8221;4.10.4&#8243; _module_preset=&#8221;default&#8221; global_colors_info=&#8221;{}&#8221;]<\/p>\n<h2>KAMPFSPORT F\u00dcR MEIN KIND?<\/h2>\n<h3>Hier einige Gr\u00fcnde, warum Karate eine tolle Sportart f\u00fcr Kinder und Jugendliche ist:<\/h3>\n<p>&nbsp;<\/p>\n<ul>\n<li>Karate ist mehr als nur ein Kampfsport, das Training im Kindesalter schult bereits die Voraussetzungen f\u00fcr <strong>sp\u00e4teres Lernen<\/strong> und <strong>sicheres Auftreten<\/strong>, sowohl im Sport als auch im Alltag.<\/li>\n<li>Nach und nach kommen im Training die physischen Aspekte dazu &#8211; den Kindern werden \u00dcbungen f\u00fcr das eigene <strong>K\u00f6rpergef\u00fchl<\/strong> und die <strong>K\u00f6rperspannung<\/strong> beigebracht, ohne den kindlichen K\u00f6rper zu verletzen oder zu \u00fcberfordern.<\/li>\n<li>Integriertes Krafttraining bewirkt mit der Zeit eine <strong>aufrechte Haltung<\/strong>, die Buben und M\u00e4dchen treten sicherer und selbstbewusster auf.<\/li>\n<li>Im Training lernen die Kinder von Anfang an bestimmte <strong>Regeln<\/strong> zu befolgen &#8211; sei es die traditionelle Begr\u00fc\u00dfung, das Tragen sauberer Kleidung oder das Zuh\u00f6ren.<\/li>\n<li>Kinder, die \u00e4lter als sechs Jahre sind, k\u00f6nnen an <strong>Wettk\u00e4mpfen<\/strong> teilnehmen, um sich mit anderen zu messen und den eigenen Leistungsstand zu testen. Sie lernen, nach strikten Regeln gegen andere zu k\u00e4mpfen. Erfolge im Karate werden durch <strong>saubere Techniken<\/strong> erzielt, nicht durch wahlloses Zuschlagen.<\/li>\n<li>Aber auch ohne die Teilnahme an Turnieren erzielt man Erfolge: Um den n\u00e4chsth\u00f6heren G\u00fcrtel zu erreichen, gilt es <strong>kleine Pr\u00fcfungen<\/strong> zu bestehen, auf die die Kinder langfristig und ohne Druck vorbereitet werden.<\/li>\n<\/ul>\n<p>[\/et_pb_text][et_pb_button button_url=&#8221;https:\/\/www.akaritatsu.at\/index.php\/training\/&#8221; button_text=&#8221;Zu den Karate-Gruppen&#8221; _builder_version=&#8221;4.10.4&#8243; _module_preset=&#8221;default&#8221; global_colors_info=&#8221;{}&#8221;][\/et_pb_button][\/et_pb_column][et_pb_column type=&#8221;2_5&#8243; _builder_version=&#8221;4.10.4&#8243; _module_preset=&#8221;default&#8221; global_colors_info=&#8221;{}&#8221;][et_pb_image src=&#8221;https:\/\/www.akaritatsu.at\/wp-content\/uploads\/2026\/02\/20250130_1849112.jpg&#8221; title_text=&#8221;20250130_1849112&#8243; _builder_version=&#8221;4.10.4&#8243; _module_preset=&#8221;default&#8221; hover_enabled=&#8221;0&#8243; global_colors_info=&#8221;{}&#8221; sticky_enabled=&#8221;0&#8243;][\/et_pb_image][\/et_pb_column][\/et_pb_row][et_pb_row _builder_version=&#8221;4.10.4&#8243; _module_preset=&#8221;default&#8221; global_colors_info=&#8221;{}&#8221;][et_pb_column type=&#8221;4_4&#8243; _builder_version=&#8221;4.10.4&#8243; _module_preset=&#8221;default&#8221; global_colors_info=&#8221;{}&#8221;][et_pb_text _builder_version=&#8221;4.10.4&#8243; _module_preset=&#8221;default&#8221; global_colors_info=&#8221;{}&#8221;]<\/p>\n<h2>SCHNUPPERTRAINING JEDERZEIT M\u00d6GLICH !<\/h2>\n<h3>Einfach anrufen und vorbeikommen, wir freuen uns auf Dich.<\/h3>\n<p>Ein Schnuppertraining ist immer donnerstags, um 17.00 Uhr in der Neuen Volksschule Brunn\/Gebirge f\u00fcr alle Kinder ab 3 Jahren m\u00f6glich!<\/p>\n<p>F\u00fcr das Training brauchen die Kinder lediglich bequeme Sportkleidung, KEINE Schuhe, eine Trinkflasche &#8230; und es kann losgehen[\/et_pb_text][\/et_pb_column][\/et_pb_row][et_pb_row column_structure=&#8221;3_5,2_5&#8243; _builder_version=&#8221;4.10.4&#8243; _module_preset=&#8221;default&#8221; global_colors_info=&#8221;{}&#8221;][et_pb_column type=&#8221;3_5&#8243; _builder_version=&#8221;4.10.4&#8243; _module_preset=&#8221;default&#8221; global_colors_info=&#8221;{}&#8221;][et_pb_text _builder_version=&#8221;4.10.4&#8243; _module_preset=&#8221;default&#8221; global_colors_info=&#8221;{}&#8221;]Wir bitten um vorherige Anmeldung:<\/p>\n<p>\u200bSensei Mag. Christoph Neubauer<br \/>\ne-Mail: chris.neubauer@gmx.at<br \/>\nTelefon: 0650\/2918986<\/p>\n<p>Didi Neubauer<br \/>\ne-Mail: didi.r@gmx.at<br \/>\nTelefon: 0676\/96 49 787[\/et_pb_text][\/et_pb_column][et_pb_column type=&#8221;2_5&#8243; _builder_version=&#8221;4.10.4&#8243; _module_preset=&#8221;default&#8221; global_colors_info=&#8221;{}&#8221;][et_pb_image src=&#8221;https:\/\/www.akaritatsu.at\/wp-content\/uploads\/2025\/03\/cropped-Logo_AKARITATSU_v2_72_RGB.jpg&#8221; alt=&#8221;Akari Tatsu Logo&#8221; title_text=&#8221;Logoentwurf_AKARI TATSU_v9_1&#8243; _builder_version=&#8221;4.10.4&#8243; _module_preset=&#8221;default&#8221; hover_enabled=&#8221;0&#8243; global_colors_info=&#8221;{}&#8221; sticky_enabled=&#8221;0&#8243;][\/et_pb_image][\/et_pb_column][\/et_pb_row][\/et_pb_section]<\/p>\n","protected":false},"excerpt":{"rendered":"<p>WARUM KARATE? &nbsp;Viele Eltern sind sich nicht sicher, ob Karate die richtige Sportart f\u00fcr ihre Kinder sind. Wir haben die wichtigsten Gr\u00fcnde aufgef\u00fchrt, wie Karate die Entwicklung des Kindes unterst\u00fctzt. Zus\u00e4tzlich gibt es auch die M\u00f6glichkeit, sich selbst bei einer Schnupperstunde ein Bild von unserem Training zu machen.KAMPFSPORT F\u00dcR MEIN KIND? Hier einige Gr\u00fcnde, warum [&hellip;]<\/p>\n","protected":false},"author":1,"featured_media":0,"parent":0,"menu_order":0,"comment_status":"closed","ping_status":"closed","template":"","meta":{"_et_pb_use_builder":"on","_et_pb_old_content":"","_et_gb_content_width":"","footnotes":""},"class_list":["post-180","page","type-page","status-publish","hentry"],"_links":{"self":[{"href":"https:\/\/www.akaritatsu.at\/index.php\/wp-json\/wp\/v2\/pages\/180","targetHints":{"allow":["GET"]}}],"collection":[{"href":"https:\/\/www.akaritatsu.at\/index.php\/wp-json\/wp\/v2\/pages"}],"about":[{"href":"https:\/\/www.akaritatsu.at\/index.php\/wp-json\/wp\/v2\/types\/page"}],"author":[{"embeddable":true,"href":"https:\/\/www.akaritatsu.at\/index.php\/wp-json\/wp\/v2\/users\/1"}],"replies":[{"embeddable":true,"href":"https:\/\/www.akaritatsu.at\/index.php\/wp-json\/wp\/v2\/comments?post=180"}],"version-history":[{"count":11,"href":"https:\/\/www.akaritatsu.at\/index.php\/wp-json\/wp\/v2\/pages\/180\/revisions"}],"predecessor-version":[{"id":764,"href":"https:\/\/www.akaritatsu.at\/index.php\/wp-json\/wp\/v2\/pages\/180\/revisions\/764"}],"wp:attachment":[{"href":"https:\/\/www.akaritatsu.at\/index.php\/wp-json\/wp\/v2\/media?parent=180"}],"curies":[{"name":"wp","href":"https:\/\/api.w.org\/{rel}","templated":true}]}}